{"id":32323,"date":"2020-04-23T13:03:17","date_gmt":"2020-04-23T11:03:17","guid":{"rendered":"http:\/\/agtek.com.tn\/?page_id=32323"},"modified":"2020-09-29T18:21:34","modified_gmt":"2020-09-29T16:21:34","slug":"cloud","status":"publish","type":"page","link":"https:\/\/agtek.com.tn\/index.php\/cloud\/","title":{"rendered":"Cloud"},"content":{"rendered":"<p>[vc_row full_width=&#8221;stretch_row_content&#8221; equal_height=&#8221;yes&#8221; css=&#8221;.vc_custom_1587738904345{margin-bottom: 0px !important;}&#8221;][vc_column css=&#8221;.vc_custom_1587636981523{padding-left: 60px !important;background: #00bcd4 url(http:\/\/agtek.com.tn\/wp-content\/uploads\/2020\/04\/agriculture-1822450_1920.jpg?id=32329) !important;background-position: center !important;background-repeat: no-repeat !important;background-size: cover !important;}&#8221; offset=&#8221;vc_col-lg-4&#8243;]<div class=\"clearboth\"><\/div><div class=\"gem-divider divider-hidden\" style=\"margin-top: 35px;\"><\/div>[vc_column_text el_class=&#8221;littleTitle&#8221;]<\/p>\n<div class=\"title-h1\"><span style=\"color: #ffffff; text-shadow: 1px 1px 2px black;\">AGPRO Cloud<\/span><\/div>\n<p>[\/vc_column_text]<div class=\"clearboth\"><\/div><div class=\"gem-divider \" style=\"margin-top: 30px;\"><\/div>[\/vc_column][vc_column css=&#8221;.vc_custom_1456731799407{background-color: #f0f3f2 !important;}&#8221; offset=&#8221;vc_col-lg-8&#8243;]<div class=\"clearboth\"><\/div><div class=\"gem-divider divider-hidden\" style=\"margin-top: 61px;\"><\/div><div class=\"clearboth\"><\/div><div class=\"gem-divider \" style=\"margin-top: 20px;\"><\/div>[vc_row_inner css=&#8221;.vc_custom_1586773535274{margin-bottom: 0px !important;}&#8221;][vc_column_inner disable_custom_paddings_mobile=&#8221;true&#8221; css=&#8221;.vc_custom_1552993972759{padding-left: 50px !important;}&#8221; offset=&#8221;vc_col-lg-4&#8243;]<div class=\"gem-icon-with-text gem-icon-with-text-icon-size-medium gem-icon-with-text-float-right gem-icon-with-text-flow\"><div style=\"margin-bottom:0px;margin-top:0px; \" class=\"gem-icon-with-text-icon\"><div class=\"gem-icon gem-icon-pack-elegant gem-icon-size-medium  gem-icon-shape-square gem-simple-icon\" style=\"opacity: 1;\"><div class=\"gem-icon-inner\" style=\"\"><span class=\"gem-icon-half-1\" style=\"color: #98e034;\"><span class=\"back-angle\">&#xe038;<\/span><\/span><span class=\"gem-icon-half-2\" style=\"color: #98e034;\"><span class=\"back-angle\">&#xe038;<\/span><\/span><\/div><\/div><\/div><div class=\"gem-icon-with-text-content\" ><div class=\"gem-icon-with-text-text\">[vc_column_text css_animation=&#8221;bottom-to-top&#8221;]<\/p>\n<div class=\"title-h4\">Gestion ais\u00e9e et \u00e0 distance<\/div>\n<p>[\/vc_column_text]<div class=\"clearboth\"><\/div><div class=\"gem-divider \" style=\"margin-top: 26px;\"><\/div>[vc_column_text css_animation=&#8221;none&#8221; css=&#8221;.vc_custom_1601365015591{padding-bottom: 20px !important;}&#8221;]<span style=\"color: #5f727f;\">Le logiciel de gestion AGPRO permet aux administrateurs de fermes et troupeaux d&#8217;avoir un contr\u00f4le complet et \u00e0 distance de leurs ressources et troupeaux.\u200b<\/span>[\/vc_column_text]<\/div><\/div><div class=\"clearboth\"><\/div><\/div>[\/vc_column_inner][vc_column_inner el_class=&#8221;custom-column2&#8243; disable_custom_paddings_mobile=&#8221;true&#8221; css=&#8221;.vc_custom_1552993816464{padding-left: 50px !important;}&#8221; offset=&#8221;vc_col-lg-4&#8243;]<div class=\"gem-icon-with-text gem-icon-with-text-icon-size-medium gem-icon-with-text-float-right gem-icon-with-text-flow\"><div style=\"margin-bottom:0px;margin-top:0px; \" class=\"gem-icon-with-text-icon\"><div class=\"gem-icon gem-icon-pack-elegant gem-icon-size-medium  gem-icon-shape-square gem-simple-icon\" style=\"opacity: 1;\"><div class=\"gem-icon-inner\" style=\"\"><span class=\"gem-icon-half-1\" style=\"color: #98e034;\"><span class=\"back-angle\">&#xe00b;<\/span><\/span><span class=\"gem-icon-half-2\" style=\"color: #98e034;\"><span class=\"back-angle\">&#xe00b;<\/span><\/span><\/div><\/div><\/div><div class=\"gem-icon-with-text-content\" ><div class=\"gem-icon-with-text-text\">[vc_column_text css_animation=&#8221;bottom-to-top&#8221;]<\/p>\n<div class=\"title-h4\">A partir de votre PC ou t\u00e9l\u00e9phone mobile<\/div>\n<p>[\/vc_column_text]<div class=\"clearboth\"><\/div><div class=\"gem-divider \" style=\"margin-top: 26px;\"><\/div>[vc_column_text css_animation=&#8221;none&#8221; css=&#8221;.vc_custom_1587637410799{padding-bottom: 20px !important;}&#8221;]<span style=\"color: #5f727f;\">Une application Web et une application mobile Android\/iOS sont utilis\u00e9es pour minimiser l&#8217;implication de l&#8217;homme et servent \u00e0 administrer, contr\u00f4ler et surveiller les troupeaux \u00e0 distance.<\/span>[\/vc_column_text]<\/div><\/div><div class=\"clearboth\"><\/div><\/div>[\/vc_column_inner][vc_column_inner el_class=&#8221;custom-column&#8221; disable_custom_paddings_mobile=&#8221;true&#8221; css=&#8221;.vc_custom_1552993859010{padding-left: 50px !important;}&#8221; offset=&#8221;vc_col-lg-4&#8243;]<div class=\"gem-icon-with-text gem-icon-with-text-icon-size-medium gem-icon-with-text-float-right gem-icon-with-text-flow\"><div style=\"margin-bottom:0px;margin-top:0px; \" class=\"gem-icon-with-text-icon\"><div class=\"gem-icon gem-icon-pack-elegant gem-icon-size-medium  gem-icon-shape-square gem-simple-icon\" style=\"opacity: 1;\"><div class=\"gem-icon-inner\" style=\"\"><span class=\"gem-icon-half-1\" style=\"color: #98e034;\"><span class=\"back-angle\">&#xe0e9;<\/span><\/span><span class=\"gem-icon-half-2\" style=\"color: #98e034;\"><span class=\"back-angle\">&#xe0e9;<\/span><\/span><\/div><\/div><\/div><div class=\"gem-icon-with-text-content\" ><div class=\"gem-icon-with-text-text\">[vc_column_text css_animation=&#8221;bottom-to-top&#8221;]<\/p>\n<div class=\"title-h4\">Rapports d\u2019utilisation et alertes temps r\u00e9el<\/div>\n<p>[\/vc_column_text]<div class=\"clearboth\"><\/div><div class=\"gem-divider \" style=\"margin-top: 26px;\"><\/div>[vc_column_text css_animation=&#8221;none&#8221; css=&#8221;.vc_custom_1601365030207{padding-bottom: 20px !important;}&#8221;]<span style=\"color: #5f727f;\">En constante \u00e9volution, l&#8217;\u00e9cosyst\u00e8me AGPRO permet une visibilit\u00e9 compl\u00e8te du troupeau avec des mises \u00e0 jour du logiciel en un clic, des alertes en temps r\u00e9el, des rapports d&#8217;utilisation et une topologie de r\u00e9seau Google Maps.\u200b<\/span>[\/vc_column_text]<\/div><\/div><div class=\"clearboth\"><\/div><\/div>[\/vc_column_inner][\/vc_row_inner][\/vc_column][\/vc_row][vc_row custom_css_code=&#8221;LnF1aWNrZmluZGVyLWl0ZW0tdGl0bGUlN0IlMEElMjAlMjAlMjAlMjBmb250LXNpemUlM0ElMjAxOXB4JTNCJTBBJTdEJTBBLnF1aWNrZmluZGVyJTJDJTBBLmlubGluZS1jb2x1bW4lN0IlMEElMjAlMjAlMjAlMjBtYXJnaW4tYm90dG9tJTNBJTIwMCUzQiUwQSUyMCUyMCUyMCUyMHBhZGRpbmclM0ElMjAwJTNCJTBBJTdEJTBBLnF1aWNrZmluZGVyLWl0ZW0tYm94JTdCJTBBJTIwJTIwJTIwJTIwcGFkZGluZyUzQSUyMDIxcHglM0IlMEElN0Q=&#8221; css=&#8221;.vc_custom_1587738938750{margin-bottom: 0px !important;}&#8221;][vc_column]<div id=\"fullwidth-block-69e7493aa2a64\" class=\"fullwidth-block clearfix\"  style=\"padding-top: 50px;padding-bottom: 50px;\"><script type=\"text\/javascript\">if (typeof(gem_fix_fullwidth_position) == \"function\") { gem_fix_fullwidth_position(document.getElementById(\"fullwidth-block-69e7493aa2a64\")); }<\/script><div class=\"fullwidth-block-background\" style=\"background-image: url(https:\/\/agtek.com.tn\/wp-content\/uploads\/2020\/04\/blocks-image-42-1024x683-2.png);background-repeat: no-repeat; background-size: cover;background-position: center top;\"><\/div><div class=\"fullwidth-block-inner\"><div class=\"container\">[vc_row_inner][vc_column_inner offset=&#8221;vc_col-lg-6 vc_col-md-12&#8243;]<div class=\"clearboth\"><\/div><div class=\"gem-divider \" style=\"margin-top: -15px;\"><\/div>[vc_column_text]<\/p>\n<div class=\"title-h1\"><span style=\"color: #ffffff;\">Fonctionnalit\u00e9s du Cloud<\/span><\/div>\n<p>[\/vc_column_text]<div class=\"clearboth\"><\/div><div class=\"gem-divider \" style=\"\"><\/div><div class=\"quickfinder quickfinder-style-classic quickfinder-binded row inline-row quickfinder-icon-position-top quickfinder-alignment-left quickfinder-title-thin\" data-hover-icon-color=\"#212331\" data-hover-box-color=\"rgba(255,255,255,0.35)\"><div id=\"post-541\" data-ll-finish-delay=\"200\" class=\"quickfinder-item inline-column col-md-4 col-sm-6 col-xs-12 quickfinder-item-effect-border-reverse border-reverse-with-background icon-size-small quickfinder-box-style-solid lazy-loading post-541 thegem_qf_item type-thegem_qf_item status-publish\"> <div class=\"quickfinder-item-box\" style=\"\"> <div class=\"quickfinder-item-inner\"> <div class=\"quickfinder-item-image\"> <div class=\"quickfinder-item-image-content lazy-loading-item\" data-ll-item-delay=\"0\" data-ll-effect=\"clip\"> <div class=\"quickfinder-item-image-wrapper\"> <div class=\"gem-icon gem-icon-pack-material gem-icon-size-small gem-icon-shape-hexagon\" style=\"border-color: #1dab32;border-color: #fff;opacity: 1;\"><div class=\"gem-icon-shape-hexagon-back\"><div class=\"gem-icon-shape-hexagon-back-inner\"><div class=\"gem-icon-shape-hexagon-back-inner-before\" style=\"background-color: #fff\"><\/div><\/div><\/div><div class=\"gem-icon-shape-hexagon-top\"><div class=\"gem-icon-shape-hexagon-top-inner\"><div class=\"gem-icon-shape-hexagon-top-inner-before\" style=\"background-color: #1dab32;\"><\/div><\/div><\/div><div class=\"gem-icon-inner\" style=\"background-color: #1dab32;\"><span class=\"gem-icon-half-1\" style=\"color: #fff;\"><span class=\"back-angle\">&#xf1fa;<\/span><\/span><span class=\"gem-icon-half-2\" style=\"color: #fff;\"><span class=\"back-angle\">&#xf1fa;<\/span><\/span><\/div><\/div> <\/div> <\/div> <\/div> <div class=\"quickfinder-item-info-wrapper\"> <div class=\"quickfinder-item-info lazy-loading-item\" data-ll-item-delay=\"200\" data-ll-effect=\"fading\"> <div class=\"quickfinder-item-title\" style=\"color: #ffffff;\">Statistiques<\/div> <div class=\"quickfinder-item-text\" style=\"color: #fff;\">Stats d\u00e9taill\u00e9es sur les consommations d\u2019aliments, par vache ou par lot<\/div> <\/div> <\/div> <\/div> <\/div> <\/div> <div id=\"post-540\" data-ll-finish-delay=\"200\" class=\"quickfinder-item inline-column col-md-4 col-sm-6 col-xs-12 quickfinder-item-effect-border-reverse border-reverse-with-background icon-size-small quickfinder-box-style-solid lazy-loading post-540 thegem_qf_item type-thegem_qf_item status-publish\"> <div class=\"quickfinder-item-box\" style=\"\"> <div class=\"quickfinder-item-inner\"> <div class=\"quickfinder-item-image\"> <div class=\"quickfinder-item-image-content lazy-loading-item\" data-ll-item-delay=\"0\" data-ll-effect=\"clip\"> <div class=\"quickfinder-item-image-wrapper\"> <div class=\"gem-icon gem-icon-pack-elegant gem-icon-size-small gem-icon-shape-hexagon\" style=\"border-color: #1dab32;border-color: #fff;opacity: 1;\"><div class=\"gem-icon-shape-hexagon-back\"><div class=\"gem-icon-shape-hexagon-back-inner\"><div class=\"gem-icon-shape-hexagon-back-inner-before\" style=\"background-color: #fff\"><\/div><\/div><\/div><div class=\"gem-icon-shape-hexagon-top\"><div class=\"gem-icon-shape-hexagon-top-inner\"><div class=\"gem-icon-shape-hexagon-top-inner-before\" style=\"background-color: #1dab32;\"><\/div><\/div><\/div><div class=\"gem-icon-inner\" style=\"background-color: #1dab32;\"><span class=\"gem-icon-half-1\" style=\"color: #fff;\"><span class=\"back-angle\">&#xe038;<\/span><\/span><span class=\"gem-icon-half-2\" style=\"color: #fff;\"><span class=\"back-angle\">&#xe038;<\/span><\/span><\/div><\/div> <\/div> <\/div> <\/div> <div class=\"quickfinder-item-info-wrapper\"> <div class=\"quickfinder-item-info lazy-loading-item\" data-ll-item-delay=\"200\" data-ll-effect=\"fading\"> <div class=\"quickfinder-item-title\" style=\"color: #ffffff;\">Config. \u00e0 distance<\/div> <div class=\"quickfinder-item-text\" style=\"color: #fff;\">Changer les quantit\u00e9s d\u2019aliments \u00e0 distance<br \/>\n<\/div> <\/div> <\/div> <\/div> <\/div> <\/div> <div id=\"post-539\" data-ll-finish-delay=\"200\" class=\"quickfinder-item inline-column col-md-4 col-sm-6 col-xs-12 quickfinder-item-effect-border-reverse border-reverse-with-background icon-size-small quickfinder-box-style-solid lazy-loading post-539 thegem_qf_item type-thegem_qf_item status-publish\"> <div class=\"quickfinder-item-box\" style=\"\"> <div class=\"quickfinder-item-inner\"> <div class=\"quickfinder-item-image\"> <div class=\"quickfinder-item-image-content lazy-loading-item\" data-ll-item-delay=\"0\" data-ll-effect=\"clip\"> <div class=\"quickfinder-item-image-wrapper\"> <div class=\"gem-icon gem-icon-pack-elegant gem-icon-size-small gem-icon-shape-hexagon\" style=\"border-color: #1dab32;border-color: #fff;opacity: 1;\"><div class=\"gem-icon-shape-hexagon-back\"><div class=\"gem-icon-shape-hexagon-back-inner\"><div class=\"gem-icon-shape-hexagon-back-inner-before\" style=\"background-color: #fff\"><\/div><\/div><\/div><div class=\"gem-icon-shape-hexagon-top\"><div class=\"gem-icon-shape-hexagon-top-inner\"><div class=\"gem-icon-shape-hexagon-top-inner-before\" style=\"background-color: #1dab32;\"><\/div><\/div><\/div><div class=\"gem-icon-inner\" style=\"background-color: #1dab32;\"><span class=\"gem-icon-half-1\" style=\"color: #fff;\"><span class=\"back-angle\">&#x73;<\/span><\/span><span class=\"gem-icon-half-2\" style=\"color: #fff;\"><span class=\"back-angle\">&#x73;<\/span><\/span><\/div><\/div> <\/div> <\/div> <\/div> <div class=\"quickfinder-item-info-wrapper\"> <div class=\"quickfinder-item-info lazy-loading-item\" data-ll-item-delay=\"200\" data-ll-effect=\"fading\"> <div class=\"quickfinder-item-title\" style=\"color: #ffffff;\">Moteur d\u2019alertes<\/div> <div class=\"quickfinder-item-text\" style=\"color: #fff;\">Recevoir des alertes en temps r\u00e9el<\/div> <\/div> <\/div> <\/div> <\/div> <\/div> <div id=\"post-538\" data-ll-finish-delay=\"200\" class=\"quickfinder-item inline-column col-md-4 col-sm-6 col-xs-12 quickfinder-item-effect-border-reverse border-reverse-with-background icon-size-small quickfinder-box-style-solid lazy-loading post-538 thegem_qf_item type-thegem_qf_item status-publish\"> <div class=\"quickfinder-item-box\" style=\"\"> <div class=\"quickfinder-item-inner\"> <div class=\"quickfinder-item-image\"> <div class=\"quickfinder-item-image-content lazy-loading-item\" data-ll-item-delay=\"0\" data-ll-effect=\"clip\"> <div class=\"quickfinder-item-image-wrapper\"> <div class=\"gem-icon gem-icon-pack-material gem-icon-size-small gem-icon-shape-hexagon\" style=\"border-color: #1dab32;border-color: #fff;opacity: 1;\"><div class=\"gem-icon-shape-hexagon-back\"><div class=\"gem-icon-shape-hexagon-back-inner\"><div class=\"gem-icon-shape-hexagon-back-inner-before\" style=\"background-color: #fff\"><\/div><\/div><\/div><div class=\"gem-icon-shape-hexagon-top\"><div class=\"gem-icon-shape-hexagon-top-inner\"><div class=\"gem-icon-shape-hexagon-top-inner-before\" style=\"background-color: #1dab32;\"><\/div><\/div><\/div><div class=\"gem-icon-inner\" style=\"background-color: #1dab32;\"><span class=\"gem-icon-half-1\" style=\"color: #fff;\"><span class=\"back-angle\">&#xf1a0;<\/span><\/span><span class=\"gem-icon-half-2\" style=\"color: #fff;\"><span class=\"back-angle\">&#xf1a0;<\/span><\/span><\/div><\/div> <\/div> <\/div> <\/div> <div class=\"quickfinder-item-info-wrapper\"> <div class=\"quickfinder-item-info lazy-loading-item\" data-ll-item-delay=\"200\" data-ll-effect=\"fading\"> <div class=\"quickfinder-item-title\" style=\"color: #ffffff;\">Analyse des r\u00e9sultats<\/div> <div class=\"quickfinder-item-text\" style=\"color: #fff;\">Analyse des r\u00e9sultats de production \u00e0 partir du Cloud<br \/>\n<\/div> <\/div> <\/div> <\/div> <\/div> <\/div> <div id=\"post-537\" data-ll-finish-delay=\"200\" class=\"quickfinder-item inline-column col-md-4 col-sm-6 col-xs-12 quickfinder-item-effect-border-reverse border-reverse-with-background icon-size-small quickfinder-box-style-solid lazy-loading post-537 thegem_qf_item type-thegem_qf_item status-publish\"> <div class=\"quickfinder-item-box\" style=\"\"> <div class=\"quickfinder-item-inner\"> <div class=\"quickfinder-item-image\"> <div class=\"quickfinder-item-image-content lazy-loading-item\" data-ll-item-delay=\"0\" data-ll-effect=\"clip\"> <div class=\"quickfinder-item-image-wrapper\"> <div class=\"gem-icon gem-icon-pack-material gem-icon-size-small gem-icon-shape-hexagon\" style=\"border-color: #1dab32;border-color: #fff;opacity: 1;\"><div class=\"gem-icon-shape-hexagon-back\"><div class=\"gem-icon-shape-hexagon-back-inner\"><div class=\"gem-icon-shape-hexagon-back-inner-before\" style=\"background-color: #fff\"><\/div><\/div><\/div><div class=\"gem-icon-shape-hexagon-top\"><div class=\"gem-icon-shape-hexagon-top-inner\"><div class=\"gem-icon-shape-hexagon-top-inner-before\" style=\"background-color: #1dab32;\"><\/div><\/div><\/div><div class=\"gem-icon-inner\" style=\"background-color: #1dab32;\"><span class=\"gem-icon-half-1\" style=\"color: #fff;\"><span class=\"back-angle\">&#xf4cd;<\/span><\/span><span class=\"gem-icon-half-2\" style=\"color: #fff;\"><span class=\"back-angle\">&#xf4cd;<\/span><\/span><\/div><\/div> <\/div> <\/div> <\/div> <div class=\"quickfinder-item-info-wrapper\"> <div class=\"quickfinder-item-info lazy-loading-item\" data-ll-item-delay=\"200\" data-ll-effect=\"fading\"> <div class=\"quickfinder-item-title\" style=\"color: #ffffff;\">Mises \u00e0 jour en un clic<\/div> <div class=\"quickfinder-item-text\" style=\"color: #fff;\">Mettre \u00e0 jour vers la derni\u00e8re version de logiciel en un clic<\/div> <\/div> <\/div> <\/div> <\/div> <\/div> <div id=\"post-536\" data-ll-finish-delay=\"200\" class=\"quickfinder-item inline-column col-md-4 col-sm-6 col-xs-12 quickfinder-item-effect-border-reverse border-reverse-with-background icon-size-small quickfinder-box-style-solid lazy-loading post-536 thegem_qf_item type-thegem_qf_item status-publish\"> <div class=\"quickfinder-item-box\" style=\"\"> <div class=\"quickfinder-item-inner\"> <div class=\"quickfinder-item-image\"> <div class=\"quickfinder-item-image-content lazy-loading-item\" data-ll-item-delay=\"0\" data-ll-effect=\"clip\"> <div class=\"quickfinder-item-image-wrapper\"> <div class=\"gem-icon gem-icon-pack-elegant gem-icon-size-small gem-icon-shape-hexagon\" style=\"border-color: #1dab32;border-color: #fff;opacity: 1;\"><div class=\"gem-icon-shape-hexagon-back\"><div class=\"gem-icon-shape-hexagon-back-inner\"><div class=\"gem-icon-shape-hexagon-back-inner-before\" style=\"background-color: #fff\"><\/div><\/div><\/div><div class=\"gem-icon-shape-hexagon-top\"><div class=\"gem-icon-shape-hexagon-top-inner\"><div class=\"gem-icon-shape-hexagon-top-inner-before\" style=\"background-color: #1dab32;\"><\/div><\/div><\/div><div class=\"gem-icon-inner\" style=\"background-color: #1dab32;\"><span class=\"gem-icon-half-1\" style=\"color: #fff;\"><span class=\"back-angle\">&#xe081;<\/span><\/span><span class=\"gem-icon-half-2\" style=\"color: #fff;\"><span class=\"back-angle\">&#xe081;<\/span><\/span><\/div><\/div> <\/div> <\/div> <\/div> <div class=\"quickfinder-item-info-wrapper\"> <div class=\"quickfinder-item-info lazy-loading-item\" data-ll-item-delay=\"200\" data-ll-effect=\"fading\"> <div class=\"quickfinder-item-title\" style=\"color: #ffffff;\">Google Maps<\/div> <div class=\"quickfinder-item-text\" style=\"color: #fff;\">Localiser l\u2019exploitation sur Google Maps<\/div> <\/div> <\/div> <\/div> <\/div> <\/div> <\/div>[\/vc_column_inner][vc_column_inner offset=&#8221;vc_col-lg-6 vc_col-md-12&#8243;]<div class=\"centered-box gem-image-centered-box\"><div class=\"gem-image gem-wrapbox gem-wrapbox-style-default gem-wrapbox-position-centered\" style=\"\"><div class=\"gem-wrapbox-inner \" ><img decoding=\"async\" class=\"gem-wrapbox-element img-responsive\" src=\"https:\/\/agtek.com.tn\/wp-content\/uploads\/2020\/09\/blocks-image-100-1024825.png\" alt=\"\"\/><\/div><\/div><\/div>[\/vc_column_inner][\/vc_row_inner]<\/div><\/div><\/div>[\/vc_column][\/vc_row][vc_row full_width=&#8221;stretch_row&#8221; equal_height=&#8221;yes&#8221; content_placement=&#8221;middle&#8221; css=&#8221;.vc_custom_1587823386112{border-bottom-width: 0px !important;padding-bottom: 15px !important;background-color: #dddddd !important;}&#8221;][vc_column width=&#8221;8\/12&#8243;][vc_column_text]<\/p>\n<h6><span class=\"letter-spacing\" style=\"color: #006633;\">Nous contacter d\u00e8s aujourd\u2019hui pour toute information technique ou sur les prix<\/span><\/h6>\n<p>[\/vc_column_text][\/vc_column][vc_column width=&#8221;4\/12&#8243;][vc_btn title=&#8221;Nous contacter&#8221; color=&#8221;green&#8221; align=&#8221;left&#8221; link=&#8221;url:http%3A%2F%2Fagtek.com.tn%2Findex.php%2Fnous-contacter%2F|title:Nous%20contacter&#8221;][\/vc_column][\/vc_row]<\/p>\n","protected":false},"excerpt":{"rendered":"<p>[vc_row full_width=&#8221;stretch_row_content&#8221; equal_height=&#8221;yes&#8221; css=&#8221;.vc_custom_1587738904345{margin-bottom: 0px !important;}&#8221;][vc_column css=&#8221;.vc_custom_1587636981523{padding-left: 60px !important;background: #00bcd4 url(http:\/\/agtek.com.tn\/wp-content\/uploads\/2020\/04\/agriculture-1822450_1920.jpg?id=32329) !important;background-position: center !important;background-repeat: no-repeat !important;background-size: cover !important;}&#8221; offset=&#8221;vc_col-lg-4&#8243;][vc_column_text el_class=&#8221;littleTitle&#8221;]&#8230;<\/p>\n","protected":false},"author":1,"featured_media":0,"parent":0,"menu_order":0,"comment_status":"closed","ping_status":"closed","template":"","meta":{"footnotes":""},"class_list":["post-32323","page","type-page","status-publish"],"yoast_head":"<!-- This site is optimized with the Yoast SEO plugin v15.8 - https:\/\/yoast.com\/wordpress\/plugins\/seo\/ -->\n<title>Cloud - AGTEK<\/title>\n<meta name=\"robots\" content=\"index, follow, max-snippet:-1, max-image-preview:large, max-video-preview:-1\" \/>\n<link rel=\"canonical\" href=\"https:\/\/agtek.com.tn\/index.php\/cloud\/\" \/>\n<meta property=\"og:locale\" content=\"en_US\" \/>\n<meta property=\"og:type\" content=\"article\" \/>\n<meta property=\"og:title\" content=\"Cloud - AGTEK\" \/>\n<meta property=\"og:description\" content=\"[vc_row full_width=&#8221;stretch_row_content&#8221; equal_height=&#8221;yes&#8221; css=&#8221;.vc_custom_1587738904345{margin-bottom: 0px !important;}&#8221;][vc_column css=&#8221;.vc_custom_1587636981523{padding-left: 60px !important;background: #00bcd4 url(http:\/\/agtek.com.tn\/wp-content\/uploads\/2020\/04\/agriculture-1822450_1920.jpg?id=32329) !important;background-position: center !important;background-repeat: no-repeat !important;background-size: cover !important;}&#8221; offset=&#8221;vc_col-lg-4&#8243;][vc_column_text el_class=&#8221;littleTitle&#8221;]...\" \/>\n<meta property=\"og:url\" content=\"https:\/\/agtek.com.tn\/index.php\/cloud\/\" \/>\n<meta property=\"og:site_name\" content=\"AGTEK\" \/>\n<meta property=\"article:modified_time\" content=\"2020-09-29T16:21:34+00:00\" \/>\n<meta name=\"twitter:card\" content=\"summary_large_image\" \/>\n<meta name=\"twitter:label1\" content=\"Est. reading time\">\n\t<meta name=\"twitter:data1\" content=\"3 minutes\">\n<script type=\"application\/ld+json\" class=\"yoast-schema-graph\">{\"@context\":\"https:\/\/schema.org\",\"@graph\":[{\"@type\":\"WebSite\",\"@id\":\"https:\/\/agtek.com.tn\/#website\",\"url\":\"https:\/\/agtek.com.tn\/\",\"name\":\"AGTEK\",\"description\":\"Easy Agriculture\",\"potentialAction\":[{\"@type\":\"SearchAction\",\"target\":\"https:\/\/agtek.com.tn\/?s={search_term_string}\",\"query-input\":\"required name=search_term_string\"}],\"inLanguage\":\"en-US\"},{\"@type\":\"WebPage\",\"@id\":\"https:\/\/agtek.com.tn\/index.php\/cloud\/#webpage\",\"url\":\"https:\/\/agtek.com.tn\/index.php\/cloud\/\",\"name\":\"Cloud - AGTEK\",\"isPartOf\":{\"@id\":\"https:\/\/agtek.com.tn\/#website\"},\"datePublished\":\"2020-04-23T11:03:17+00:00\",\"dateModified\":\"2020-09-29T16:21:34+00:00\",\"breadcrumb\":{\"@id\":\"https:\/\/agtek.com.tn\/index.php\/cloud\/#breadcrumb\"},\"inLanguage\":\"en-US\",\"potentialAction\":[{\"@type\":\"ReadAction\",\"target\":[\"https:\/\/agtek.com.tn\/index.php\/cloud\/\"]}]},{\"@type\":\"BreadcrumbList\",\"@id\":\"https:\/\/agtek.com.tn\/index.php\/cloud\/#breadcrumb\",\"itemListElement\":[{\"@type\":\"ListItem\",\"position\":1,\"item\":{\"@type\":\"WebPage\",\"@id\":\"https:\/\/agtek.com.tn\/\",\"url\":\"https:\/\/agtek.com.tn\/\",\"name\":\"Home\"}},{\"@type\":\"ListItem\",\"position\":2,\"item\":{\"@type\":\"WebPage\",\"@id\":\"https:\/\/agtek.com.tn\/index.php\/cloud\/\",\"url\":\"https:\/\/agtek.com.tn\/index.php\/cloud\/\",\"name\":\"Cloud\"}}]}]}<\/script>\n<!-- \/ Yoast SEO plugin. -->","_links":{"self":[{"href":"https:\/\/agtek.com.tn\/index.php\/wp-json\/wp\/v2\/pages\/32323","targetHints":{"allow":["GET"]}}],"collection":[{"href":"https:\/\/agtek.com.tn\/index.php\/wp-json\/wp\/v2\/pages"}],"about":[{"href":"https:\/\/agtek.com.tn\/index.php\/wp-json\/wp\/v2\/types\/page"}],"author":[{"embeddable":true,"href":"https:\/\/agtek.com.tn\/index.php\/wp-json\/wp\/v2\/users\/1"}],"replies":[{"embeddable":true,"href":"https:\/\/agtek.com.tn\/index.php\/wp-json\/wp\/v2\/comments?post=32323"}],"version-history":[{"count":52,"href":"https:\/\/agtek.com.tn\/index.php\/wp-json\/wp\/v2\/pages\/32323\/revisions"}],"predecessor-version":[{"id":32809,"href":"https:\/\/agtek.com.tn\/index.php\/wp-json\/wp\/v2\/pages\/32323\/revisions\/32809"}],"wp:attachment":[{"href":"https:\/\/agtek.com.tn\/index.php\/wp-json\/wp\/v2\/media?parent=32323"}],"curies":[{"name":"wp","href":"https:\/\/api.w.org\/{rel}","templated":true}]}}