{"id":32383,"date":"2020-04-23T23:40:25","date_gmt":"2020-04-23T21:40:25","guid":{"rendered":"http:\/\/agtek.com.tn\/?page_id=32383"},"modified":"2021-02-16T11:59:19","modified_gmt":"2021-02-16T10:59:19","slug":"nous-contacter","status":"publish","type":"page","link":"https:\/\/agtek.com.tn\/index.php\/nous-contacter\/","title":{"rendered":"Nous contacter"},"content":{"rendered":"<p>[vc_section full_width=&#8221;stretch_row&#8221; css=&#8221;.vc_custom_1588261955611{margin-bottom: 0px !important;padding-top: 0px !important;background-color: #f0f3f2 !important;}&#8221;][vc_row full_width=&#8221;stretch_row&#8221; css=&#8221;.vc_custom_1587401607504{margin-top: 0px !important;margin-bottom: 0px !important;padding-top: 0px !important;padding-bottom: 0px !important;background-color: #2c2e3d !important;}&#8221; custom_css_code=&#8221;JTQwbWVkaWElMjAlMjhtYXgtd2lkdGglM0ElMjAxMTk5cHglMjklN0IlMEElMjAlMjAlMjAlMjAlNDBpZC53cGJfcm93JTIwJTNFJTIwJTJBJTIwJTdCJTBBJTIwJTIwJTIwJTIwJTIwJTIwJTIwJTIwbWFyZ2luLXRvcCUzQSUyMDAlM0IlMEElMjAlMjAlMjAlMjAlN0QlMEElN0Q=&#8221;][vc_column css=&#8221;.vc_custom_1540556740143{margin-top: 0px !important;margin-bottom: 0px !important;padding-top: 0px !important;padding-bottom: 0px !important;}&#8221;]<div id=\"fullwidth-block-69e4bf7ebb551\" class=\"fullwidth-block fullwidth-block-parallax-vertical clearfix\" data-mobile-parallax-enable=\"0\" style=\"padding-top: 120px;padding-bottom: 130px;\"><script type=\"text\/javascript\">if (typeof(gem_fix_fullwidth_position) == \"function\") { gem_fix_fullwidth_position(document.getElementById(\"fullwidth-block-69e4bf7ebb551\")); }<\/script><div class=\"fullwidth-block-background\" style=\"background-image: url(https:\/\/agtek.com.tn\/wp-content\/uploads\/2020\/01\/blocks-image-12.jpg);background-repeat: no-repeat; background-size: cover;background-position: center top;\"><\/div><div class=\"fullwidth-block-inner\"><div class=\"container\">[vc_column_text css_animation=&#8221;bottom-to-top&#8221;]<\/p>\n<div class=\"title-h1\" style=\"text-align: center;\"><span style=\"color: #ffffff;\">N&#8217;h\u00e9sitez pas \u00e0 nous contacter, nous sommes l\u00e0 pour vous!<\/span><\/div>\n<p>[\/vc_column_text]<div class=\"clearboth\"><\/div><div class=\"gem-divider \" style=\"margin-top: 15px;\"><\/div>[vc_row_inner][vc_column_inner offset=&#8221;vc_col-lg-offset-1 vc_col-lg-10&#8243;][\/vc_column_inner][\/vc_row_inner]<div class=\"clearboth\"><\/div><div class=\"gem-divider \" style=\"margin-top: 15px;\"><\/div><\/div><\/div><\/div>[\/vc_column][\/vc_row][vc_row full_width=&#8221;stretch_row&#8221; equal_height=&#8221;yes&#8221; css=&#8221;.vc_custom_1540556714501{margin-top: -90px !important;margin-bottom: 0px !important;padding-top: 0px !important;padding-bottom: 0px !important;background-color: rgba(255,255,255,0.01) !important;*background-color: rgb(255,255,255) !important;}&#8221;][vc_column css_animation=&#8221;none&#8221; width=&#8221;1\/2&#8243; css=&#8221;.vc_custom_1613472872374{margin-top: 0px !important;margin-bottom: 0px !important;border-right-width: 1px !important;padding-top: 40px !important;padding-bottom: 40px !important;background-color: #ffffff !important;border-right-color: #e7e9e8 !important;border-right-style: solid !important;}&#8221; offset=&#8221;vc_col-lg-6 vc_col-md-6 vc_col-xs-12&#8243;]<div class=\"centered-box\"><div class=\"gem-icon gem-icon-pack-material gem-icon-size-medium  gem-icon-shape-square gem-simple-icon\" style=\"opacity: 1;\"><div class=\"gem-icon-inner\" style=\"\"><span class=\"gem-icon-half-1\" style=\"color: #669438;\"><span class=\"back-angle\">&#xf3e3;<\/span><\/span><span class=\"gem-icon-half-2\" style=\"color: #669438;\"><span class=\"back-angle\">&#xf3e3;<\/span><\/span><\/div><\/div><\/div><div class=\"clearboth\"><\/div><div class=\"gem-divider \" style=\"margin-top: 10px;\"><\/div>[vc_column_text css=&#8221;.vc_custom_1588243915429{padding-bottom: 15px !important;}&#8221;]<\/p>\n<div class=\"title-h5\" style=\"text-align: center;\"><span style=\"color: #669438;\">adresse<\/span><\/div>\n<p>[\/vc_column_text][vc_column_text]<\/p>\n<p style=\"text-align: center;\">61 Avenue Simone Veil, 06200<\/p>\n<p style=\"text-align: center;\">Nice<\/p>\n<p>[\/vc_column_text][\/vc_column][vc_column width=&#8221;1\/2&#8243; css=&#8221;.vc_custom_1613472975619{background-color: #ffffff !important;}&#8221;]<div class=\"centered-box\"><div class=\"gem-icon gem-icon-pack-material gem-icon-size-medium  gem-icon-shape-square gem-simple-icon\" style=\"opacity: 1;\"><div class=\"gem-icon-inner\" style=\"\"><span class=\"gem-icon-half-1\" style=\"color: #669438;\"><span class=\"back-angle\">&#xf54c;<\/span><\/span><span class=\"gem-icon-half-2\" style=\"color: #669438;\"><span class=\"back-angle\">&#xf54c;<\/span><\/span><\/div><\/div><\/div><div class=\"clearboth\"><\/div><div class=\"gem-divider \" style=\"margin-top: 10px;\"><\/div>[vc_column_text css=&#8221;.vc_custom_1588243952061{padding-bottom: 15px !important;}&#8221;]<\/p>\n<div class=\"title-h5\" style=\"text-align: center;\"><span style=\"color: #669438;\">e-mail<\/span><\/div>\n<p>[\/vc_column_text][vc_column_text]<\/p>\n<p style=\"text-align: center;\"><span style=\"color: #333333;\"><a style=\"color: #333333;\" href=\"mailto:contact@agtek.net\">contact@agtek.net<\/a><\/span><\/p>\n<p>[\/vc_column_text][\/vc_column][\/vc_row][vc_row][vc_column]<div class=\"clearboth\"><\/div><div class=\"gem-divider \" style=\"\"><\/div>[\/vc_column][\/vc_row][\/vc_section][vc_row full_width=&#8221;stretch_row_content_no_spaces&#8221; css=&#8221;.vc_custom_1588261811542{margin-top: 0px !important;margin-bottom: 0px !important;border-top-width: 0px !important;padding-top: 0px !important;padding-bottom: 0px !important;}&#8221;][vc_column css_animation=&#8221;bottom-to-top&#8221; css=&#8221;.vc_custom_1538476615722{margin-top: 0px !important;margin-bottom: 0px !important;padding-top: 0px !important;padding-bottom: 0px !important;}&#8221;][vc_gmaps link=&#8221;#E-8_JTNDaWZyYW1lJTIwc3JjJTNEJTIyaHR0cHMlM0ElMkYlMkZ3d3cuZ29vZ2xlLmNvbSUyRm1hcHMlMkZlbWJlZCUzRnBiJTNEJTIxMW0xOCUyMTFtMTIlMjExbTMlMjExZDI4ODUuMzY2MTQ0NTE4NDI3JTIxMmQ3LjIwMDkwNTgxNTc0MTA2NTUlMjEzZDQzLjY4MjE1MDg1ODU3NTcxJTIxMm0zJTIxMWYwJTIxMmYwJTIxM2YwJTIxM20yJTIxMWkxMDI0JTIxMmk3NjglMjE0ZjEzLjElMjEzbTMlMjExbTIlMjExczB4MTJjZGQxYTIyOGZmOGQxNyUyNTNBMHgzYTcxMmI5M2Q2NDYyNmU4JTIxMnM2MSUyNTIwQXZlbnVlJTI1MjBTaW1vbmUlMjUyMFZlaWwlMjUyQyUyNTIwMDYwMDAlMjUyME5pY2UlMjUyQyUyNTIwRnJhbmNlJTIxNWUwJTIxM20yJTIxMXNmciUyMTJzdG4lMjE0djE2MTM0NzMxMzQ4MDglMjE1bTIlMjExc2ZyJTIxMnN0biUyMiUyMHdpZHRoJTNEJTIyNjAwJTIyJTIwaGVpZ2h0JTNEJTIyNDUwJTIyJTIwZnJhbWVib3JkZXIlM0QlMjIwJTIyJTIwc3R5bGUlM0QlMjJib3JkZXIlM0EwJTNCJTIyJTIwYWxsb3dmdWxsc2NyZWVuJTNEJTIyJTIyJTIwYXJpYS1oaWRkZW4lM0QlMjJmYWxzZSUyMiUyMHRhYmluZGV4JTNEJTIyMCUyMiUzRSUzQyUyRmlmcmFtZSUzRQ==&#8221; css=&#8221;.vc_custom_1613473156826{margin-bottom: 0px !important;border-bottom-width: 0px !important;padding-bottom: 0px !important;}&#8221;][\/vc_column][\/vc_row][vc_row css=&#8221;.vc_custom_1587125757264{margin-bottom: 0px !important;}&#8221; custom_css_code=&#8221;dGV4dGFyZWElMjAlN0IlMEElMjAlMjAlMjAlMjBoZWlnaHQlM0ElMjAxODBweCUzQiUwQSU3RCUwQS53cGNmNyUyMGlucHV0JTVCdHlwZSUzRHN1Ym1pdCU1RCU3QiUwQSUyMCUyMCUyMCUyMGRpc3BsYXklM0ElMjBibG9jayUzQiUwQSUyMCUyMCUyMCUyMHdpZHRoJTNBJTIwYXV0byUzQiUwQSUyMCUyMCUyMCUyMHBhZGRpbmclM0ElMjAxMHB4JTIwMzBweCUzQiUwQSUyMCUyMCUyMCUyMGNvbG9yJTNBJTIwJTIzMmMyZTNkJTNCJTBBJTIwJTIwJTIwJTIwYmFja2dyb3VuZCUzQSUyMHRyYW5zcGFyZW50JTNCJTBBJTIwJTIwJTIwJTIwYm9yZGVyJTNBJTIwM3B4JTIwc29saWQlMjAlMjMyYzJlM2QlM0IlMEElMjAlMjAlMjAlMjBib3JkZXItcmFkaXVzJTNBJTIwMCUzQiUwQSUyMCUyMCUyMCUyMGZvbnQtc2l6ZSUzQSUyMDE0cHglM0IlMEElMjAlMjAlMjAlMjBsaW5lLWhlaWdodCUzQSUyMDI2cHglM0IlMEElN0QlMEEud3BjZjclMjBpbnB1dCU1QnR5cGUlM0RzdWJtaXQlNUQlM0Fob3ZlciU3QiUwQSUyMCUyMCUyMCUyMGNvbG9yJTNBJTIwJTIzZmZmJTNCJTBBJTIwJTIwJTIwJTIwYmFja2dyb3VuZCUzQSUyMCUyMzJjMmUzZCUzQiUwQSU3RCUwQSUzQSUzQXBsYWNlaG9sZGVyJTdCJTBBJTIwJTIwJTIwJTIwY29sb3IlM0ElMjAlMjNhOGI0YmMlM0IlMEElN0Q=&#8221;][vc_column css=&#8221;.vc_custom_1581927329317{padding-right: 0px !important;padding-left: 0px !important;}&#8221;]\n<div class=\"wpcf7 no-js\" id=\"wpcf7-f910-o1\" lang=\"en-US\" dir=\"ltr\" data-wpcf7-id=\"910\">\n<div class=\"screen-reader-response\"><p role=\"status\" aria-live=\"polite\" aria-atomic=\"true\"><\/p> <ul><\/ul><\/div>\n<form action=\"\/index.php\/wp-json\/wp\/v2\/pages\/32383#wpcf7-f910-o1\" method=\"post\" class=\"wpcf7-form init\" aria-label=\"Contact form\" novalidate=\"novalidate\" data-status=\"init\">\n<fieldset class=\"hidden-fields-container\"><input type=\"hidden\" name=\"_wpcf7\" value=\"910\" \/><input type=\"hidden\" name=\"_wpcf7_version\" value=\"6.1.5\" \/><input type=\"hidden\" name=\"_wpcf7_locale\" value=\"en_US\" \/><input type=\"hidden\" name=\"_wpcf7_unit_tag\" value=\"wpcf7-f910-o1\" \/><input type=\"hidden\" name=\"_wpcf7_container_post\" value=\"0\" \/><input type=\"hidden\" name=\"_wpcf7_posted_data_hash\" value=\"\" \/>\n<\/fieldset>\n<div class=\"contact-form\">\n\t<div class=\"col-lg-4 col-md-4 col-xs-12\" style=\"margin-bottom:40px;\">\n\t\t<div class=\"form-line\">\n\t\t\t<p><span class=\"wpcf7-form-control-wrap\" data-name=\"your-name\"><input size=\"40\" maxlength=\"400\" class=\"wpcf7-form-control wpcf7-text wpcf7-validates-as-required\" aria-required=\"true\" aria-invalid=\"false\" placeholder=\"Votre Nom*\" value=\"\" type=\"text\" name=\"your-name\" \/><\/span>\n\t\t\t<\/p>\n\t\t<\/div>\n\t<\/div>\n\t<div class=\"col-lg-4 col-md-4 col-xs-12\" style=\"margin-bottom:40px;\">\n\t\t<div class=\"form-line\">\n\t\t\t<p><span class=\"wpcf7-form-control-wrap\" data-name=\"your-email\"><input size=\"40\" maxlength=\"400\" class=\"wpcf7-form-control wpcf7-email wpcf7-validates-as-required wpcf7-text wpcf7-validates-as-email\" aria-required=\"true\" aria-invalid=\"false\" placeholder=\"Votre Email*\" value=\"\" type=\"email\" name=\"your-email\" \/><\/span>\n\t\t\t<\/p>\n\t\t<\/div>\n\t<\/div>\n\t<div class=\"col-lg-4 col-md-4 col-xs-12\" style=\"margin-bottom:40px;\">\n\t\t<div class=\"form-line\">\n\t\t\t<p><span class=\"wpcf7-form-control-wrap\" data-name=\"tel-258\"><input size=\"40\" maxlength=\"400\" class=\"wpcf7-form-control wpcf7-tel wpcf7-validates-as-required wpcf7-text wpcf7-validates-as-tel\" aria-required=\"true\" aria-invalid=\"false\" placeholder=\"Votre T\u00e9l\u00e9phone\" value=\"\" type=\"tel\" name=\"tel-258\" \/><\/span>\n\t\t\t<\/p>\n\t\t<\/div>\n\t<\/div>\n\t<div class=\"col-lg-12 col-md-12 col-xs-12\" style=\"margin-bottom:70px;\">\n\t\t<div class=\"form-line\">\n\t\t\t<p><span class=\"wpcf7-form-control-wrap\" data-name=\"your-message\"><textarea cols=\"30\" rows=\"6\" maxlength=\"2000\" class=\"wpcf7-form-control wpcf7-textarea wpcf7-validates-as-required\" aria-required=\"true\" aria-invalid=\"false\" placeholder=\"Message\" name=\"your-message\"><\/textarea><\/span>\n\t\t\t<\/p>\n\t\t<\/div>\n\t<\/div>\n\t<div class=\"col-lg-12 col-md-12 col-xs-12\">\n\t\t<div class=\"form-line\">\n\t\t\t<p><input class=\"wpcf7-form-control wpcf7-submit gem-button gem-button-style-outline gem-button-icon-position-left\" type=\"submit\" value=\"SOUMETTRE MESSAGE\" \/>\n\t\t\t<\/p>\n\t\t<\/div>\n\t<\/div>\n<\/div><div class=\"wpcf7-response-output\" aria-hidden=\"true\"><\/div>\n<\/form>\n<\/div>\n[\/vc_column][\/vc_row]<\/p>\n","protected":false},"excerpt":{"rendered":"<p>[vc_section full_width=&#8221;stretch_row&#8221; css=&#8221;.vc_custom_1588261955611{margin-bottom: 0px !important;padding-top: 0px !important;background-color: #f0f3f2 !important;}&#8221;][vc_row full_width=&#8221;stretch_row&#8221; css=&#8221;.vc_custom_1587401607504{margin-top: 0px !important;margin-bottom: 0px !important;padding-top: 0px !important;padding-bottom: 0px !important;background-color: #2c2e3d&#8230;<\/p>\n","protected":false},"author":1,"featured_media":0,"parent":0,"menu_order":0,"comment_status":"closed","ping_status":"closed","template":"","meta":{"footnotes":""},"class_list":["post-32383","page","type-page","status-publish"],"yoast_head":"<!-- This site is optimized with the Yoast SEO plugin v15.8 - https:\/\/yoast.com\/wordpress\/plugins\/seo\/ -->\n<title>Nous contacter - AGTEK<\/title>\n<meta name=\"robots\" content=\"index, follow, max-snippet:-1, max-image-preview:large, max-video-preview:-1\" \/>\n<link rel=\"canonical\" href=\"https:\/\/agtek.com.tn\/index.php\/nous-contacter\/\" \/>\n<meta property=\"og:locale\" content=\"en_US\" \/>\n<meta property=\"og:type\" content=\"article\" \/>\n<meta property=\"og:title\" content=\"Nous contacter - AGTEK\" \/>\n<meta property=\"og:description\" content=\"[vc_section full_width=&#8221;stretch_row&#8221; css=&#8221;.vc_custom_1588261955611{margin-bottom: 0px !important;padding-top: 0px !important;background-color: #f0f3f2 !important;}&#8221;][vc_row full_width=&#8221;stretch_row&#8221; css=&#8221;.vc_custom_1587401607504{margin-top: 0px !important;margin-bottom: 0px !important;padding-top: 0px !important;padding-bottom: 0px !important;background-color: #2c2e3d...\" \/>\n<meta property=\"og:url\" content=\"https:\/\/agtek.com.tn\/index.php\/nous-contacter\/\" \/>\n<meta property=\"og:site_name\" content=\"AGTEK\" \/>\n<meta property=\"article:modified_time\" content=\"2021-02-16T10:59:19+00:00\" \/>\n<meta name=\"twitter:card\" content=\"summary_large_image\" \/>\n<meta name=\"twitter:label1\" content=\"Est. reading time\">\n\t<meta name=\"twitter:data1\" content=\"1 minute\">\n<script type=\"application\/ld+json\" class=\"yoast-schema-graph\">{\"@context\":\"https:\/\/schema.org\",\"@graph\":[{\"@type\":\"WebSite\",\"@id\":\"https:\/\/agtek.com.tn\/#website\",\"url\":\"https:\/\/agtek.com.tn\/\",\"name\":\"AGTEK\",\"description\":\"Easy Agriculture\",\"potentialAction\":[{\"@type\":\"SearchAction\",\"target\":\"https:\/\/agtek.com.tn\/?s={search_term_string}\",\"query-input\":\"required name=search_term_string\"}],\"inLanguage\":\"en-US\"},{\"@type\":\"WebPage\",\"@id\":\"https:\/\/agtek.com.tn\/index.php\/nous-contacter\/#webpage\",\"url\":\"https:\/\/agtek.com.tn\/index.php\/nous-contacter\/\",\"name\":\"Nous contacter - AGTEK\",\"isPartOf\":{\"@id\":\"https:\/\/agtek.com.tn\/#website\"},\"datePublished\":\"2020-04-23T21:40:25+00:00\",\"dateModified\":\"2021-02-16T10:59:19+00:00\",\"breadcrumb\":{\"@id\":\"https:\/\/agtek.com.tn\/index.php\/nous-contacter\/#breadcrumb\"},\"inLanguage\":\"en-US\",\"potentialAction\":[{\"@type\":\"ReadAction\",\"target\":[\"https:\/\/agtek.com.tn\/index.php\/nous-contacter\/\"]}]},{\"@type\":\"BreadcrumbList\",\"@id\":\"https:\/\/agtek.com.tn\/index.php\/nous-contacter\/#breadcrumb\",\"itemListElement\":[{\"@type\":\"ListItem\",\"position\":1,\"item\":{\"@type\":\"WebPage\",\"@id\":\"https:\/\/agtek.com.tn\/\",\"url\":\"https:\/\/agtek.com.tn\/\",\"name\":\"Home\"}},{\"@type\":\"ListItem\",\"position\":2,\"item\":{\"@type\":\"WebPage\",\"@id\":\"https:\/\/agtek.com.tn\/index.php\/nous-contacter\/\",\"url\":\"https:\/\/agtek.com.tn\/index.php\/nous-contacter\/\",\"name\":\"Nous contacter\"}}]}]}<\/script>\n<!-- \/ Yoast SEO plugin. -->","_links":{"self":[{"href":"https:\/\/agtek.com.tn\/index.php\/wp-json\/wp\/v2\/pages\/32383","targetHints":{"allow":["GET"]}}],"collection":[{"href":"https:\/\/agtek.com.tn\/index.php\/wp-json\/wp\/v2\/pages"}],"about":[{"href":"https:\/\/agtek.com.tn\/index.php\/wp-json\/wp\/v2\/types\/page"}],"author":[{"embeddable":true,"href":"https:\/\/agtek.com.tn\/index.php\/wp-json\/wp\/v2\/users\/1"}],"replies":[{"embeddable":true,"href":"https:\/\/agtek.com.tn\/index.php\/wp-json\/wp\/v2\/comments?post=32383"}],"version-history":[{"count":54,"href":"https:\/\/agtek.com.tn\/index.php\/wp-json\/wp\/v2\/pages\/32383\/revisions"}],"predecessor-version":[{"id":32817,"href":"https:\/\/agtek.com.tn\/index.php\/wp-json\/wp\/v2\/pages\/32383\/revisions\/32817"}],"wp:attachment":[{"href":"https:\/\/agtek.com.tn\/index.php\/wp-json\/wp\/v2\/media?parent=32383"}],"curies":[{"name":"wp","href":"https:\/\/api.w.org\/{rel}","templated":true}]}}